{"id":2284,"date":"2024-05-21T13:26:56","date_gmt":"2024-05-21T13:26:56","guid":{"rendered":"https:\/\/fertilelandexports.com\/?page_id=2284"},"modified":"2024-05-21T13:26:56","modified_gmt":"2024-05-21T13:26:56","slug":"quote","status":"publish","type":"page","link":"https:\/\/fertilelandexports.com\/pt\/quote\/","title":{"rendered":"Solicitar um or\u00e7amento"},"content":{"rendered":"<div class='fluentform ff-default fluentform_wrapper_3 ffs_default_wrap'><form data-form_id=\"3\" id=\"fluentform_3\" class=\"frm-fluent-form fluent_form_3 ff-el-form-top ff_form_instance_3_1 ff-form-loading ffs_default\" data-form_instance=\"ff_form_instance_3_1\" method=\"POST\" action=\"\" ><fieldset  style=\"border: none!important;margin: 0!important;padding: 0!important;background-color: transparent!important;box-shadow: none!important;outline: none!important; min-inline-size: 100%;\">\n                    <legend class=\"ff_screen_reader_title\" style=\"display: block; margin: 0!important;padding: 0!important;height: 0!important;text-indent: -999999px;width: 0!important;overflow:hidden;\">Solicitar um or\u00e7amento<\/legend><p style=\"display: none !important;\" class=\"akismet-fields-container\" data-prefix=\"ak_\"><label>&#916;<textarea name=\"ak_hp_textarea\" cols=\"45\" rows=\"8\" maxlength=\"100\"><\/textarea><\/label><input type=\"hidden\" id=\"ak_js_1\" name=\"ak_js\" value=\"36\"\/><script>document.getElementById( \"ak_js_1\" ).setAttribute( \"value\", ( new Date() ).getTime() );<\/script><\/p><input type='hidden' name='__fluent_form_embded_post_id' value='2284' \/><input type=\"hidden\" id=\"_fluentform_3_fluentformnonce\" name=\"_fluentform_3_fluentformnonce\" value=\"6dc2233124\" \/><input type=\"hidden\" name=\"_wp_http_referer\" value=\"\/pt\/wp-json\/wp\/v2\/pages\/2284\" \/><div data-type=\"name-element\" data-name=\"names\" class=\"ff-field_container ff-name-field-wrapper\" ><div class='ff-t-container'><div class='ff-t-cell'><div class='ff-el-group ff-el-form-top'><div class=\"ff-el-input--label asterisk-right\"><label for='ff_3_names_first_name_' id='label_ff_3_names_first_name_' >Primeiro nome<\/label><\/div><div class='ff-el-input--content'><input type=\"text\" name=\"names[first_name]\" id=\"ff_3_names_first_name_\" class=\"ff-el-form-control\" placeholder=\"Primeiro nome\" aria-invalid=\"false\" aria-required=\"false\"><\/div><\/div><\/div><div class='ff-t-cell'><div class='ff-el-group ff-el-form-top'><div class=\"ff-el-input--label asterisk-right\"><label for='ff_3_names_last_name_' id='label_ff_3_names_last_name_' >Sobrenome<\/label><\/div><div class='ff-el-input--content'><input type=\"text\" name=\"names[last_name]\" id=\"ff_3_names_last_name_\" class=\"ff-el-form-control\" placeholder=\"Sobrenome\" aria-invalid=\"false\" aria-required=\"false\"><\/div><\/div><\/div><\/div><\/div><div class='ff-el-group'><div class=\"ff-el-input--label asterisk-right\"><label for='ff_3_phone' id='label_ff_3_phone' aria-label=\"Telefone\/Celular\">Telefone\/Celular<\/label><\/div><div class='ff-el-input--content'><input name=\"phone\" class=\"ff-el-form-control ff-el-phone\" type=\"tel\" placeholder=\"N\u00famero de telem\u00f3vel\" data-name=\"phone\" id=\"ff_3_phone\" inputmode=\"tel\"  aria-invalid='false' aria-required=\"false\"><\/div><\/div><div class='ff-el-group'><div class=\"ff-el-input--label asterisk-right\"><label for='ff_3_email' id='label_ff_3_email' aria-label=\"E-mail\">E-mail<\/label><\/div><div class='ff-el-input--content'><input type=\"email\" name=\"email\" id=\"ff_3_email\" class=\"ff-el-form-control\" placeholder=\"Endere\u00e7o de email\" data-name=\"email\"  aria-invalid=\"false\" aria-required=\"false\"><\/div><\/div><div class='ff-el-group'><div class=\"ff-el-input--label asterisk-right\"><label for='ff_3_country-list' id='label_ff_3_country-list' aria-label=\"Pa\u00eds\">Pa\u00eds<\/label><\/div><div class='ff-el-input--content'><select name=\"country-list\" id=\"ff_3_country-list\" class=\"ff-el-form-control\" placeholder=\"Select Country\" data-name=\"country-list\" aria-invalid='false' aria-required=\"false\"><option value=''>Selecione o pa\u00eds<\/option><option value='AF' >Afeganist\u00e3o<\/option><option value='AL' >Alb\u00e2nia<\/option><option value='DE' >Alemanha<\/option><option value='AD' >Andorra<\/option><option value='AO' >Angola<\/option><option value='AI' >Anguila<\/option><option value='AQ' >Ant\u00e1rtica<\/option><option value='AG' >Ant\u00edgua e Barbuda<\/option><option value='AR' >Argentina<\/option><option value='DZ' >Arg\u00e9lia<\/option><option value='AM' >Arm\u00eania<\/option><option value='AW' >Aruba<\/option><option value='SA' >Ar\u00e1bia Saudita<\/option><option value='AU' >Austr\u00e1lia<\/option><option value='AZ' >Azerbaij\u00e3o<\/option><option value='BS' >Bahamas<\/option><option value='BH' >Bahrein<\/option><option value='BD' >Bangladesh<\/option><option value='BB' >Barbados<\/option><option value='BZ' >Belize<\/option><option value='BJ' >Benim<\/option><option value='BM' >Bermudas<\/option><option value='BY' >Bielorr\u00fassia<\/option><option value='BO' >Bol\u00edvia<\/option><option value='BQ' >Bonaire, Santo Eust\u00e1quio e Saba<\/option><option value='BW' >Botsuana<\/option><option value='BR' >Brasil<\/option><option value='BN' >Brunei<\/option><option value='BG' >Bulg\u00e1ria<\/option><option value='BF' >Burkina Faso<\/option><option value='BI' >Burundi<\/option><option value='BT' >But\u00e3o<\/option><option value='BE' >B\u00e9lgica<\/option><option value='BA' >B\u00f3snia e Herzegovina<\/option><option value='CV' >Cabo Verde<\/option><option value='CM' >Camar\u00f5es<\/option><option value='KH' >Camboja<\/option><option value='CA' >Canad\u00e1<\/option><option value='QA' >Catar<\/option><option value='KZ' >Cazaquist\u00e3o<\/option><option value='TD' >Chade<\/option><option value='CL' >Chile<\/option><option value='CN' >China<\/option><option value='CY' >Chipre<\/option><option value='SG' >Cingapura<\/option><option value='CO' >Col\u00f4mbia<\/option><option value='KM' >Comores<\/option><option value='KR' >Coreia do Sul<\/option><option value='KP' >Cor\u00e9ia do Norte<\/option><option value='CR' >Costa Rica<\/option><option value='CI' >Costa do Marfim<\/option><option value='HR' >Cro\u00e1cia<\/option><option value='CU' >Cuba<\/option><option value='CW' >Cura\u00e7ao<\/option><option value='DK' >Dinamarca<\/option><option value='DJ' >Djibuti<\/option><option value='DM' >Dominica<\/option><option value='EG' >Egito<\/option><option value='SV' >El Salvador<\/option><option value='AE' >Emirados \u00c1rabes Unidos<\/option><option value='EC' >Equador<\/option><option value='ER' >Eritreia<\/option><option value='SK' >Eslov\u00e1quia<\/option><option value='SI' >Eslov\u00eania<\/option><option value='ES' >Espanha<\/option><option value='US' >Estados Unidos (EUA)<\/option><option value='VI' >Estados Unidos (EUA) Ilhas Virgens<\/option><option value='EE' >Est\u00f4nia<\/option><option value='SZ' >Eswatini<\/option><option value='ET' >Eti\u00f3pia<\/option><option value='FJ' >Fiji<\/option><option value='PH' >Filipinas<\/option><option value='FI' >Finl\u00e2ndia<\/option><option value='FR' >Fran\u00e7a<\/option><option value='GA' >Gab\u00e3o<\/option><option value='GH' >Gana<\/option><option value='GE' >Ge\u00f3rgia<\/option><option value='GI' >Gibraltar<\/option><option value='GD' >Granada<\/option><option value='GL' >Groenl\u00e2ndia<\/option><option value='GR' >Gr\u00e9cia<\/option><option value='GP' >Guadalupe<\/option><option value='GU' >Guam<\/option><option value='GT' >Guatemala<\/option><option value='GG' >Guernsey<\/option><option value='GY' >Guiana<\/option><option value='GF' >Guiana Francesa<\/option><option value='GW' >Guin\u00e9-Bissau<\/option><option value='GN' >Guin\u00e9<\/option><option value='GQ' >Guin\u00e9 Equatorial<\/option><option value='GM' >G\u00e2mbia<\/option><option value='HT' >Haiti<\/option><option value='NL' >Holanda<\/option><option value='HN' >Honduras<\/option><option value='HK' >Hong Kong<\/option><option value='HU' >Hungria<\/option><option value='BV' >Ilha Bouvet<\/option><option value='HM' >Ilha Heard e Ilhas McDonald<\/option><option value='NF' >Ilha Norfolk<\/option><option value='IM' >Ilha de Man<\/option><option value='CX' >Ilha do Natal<\/option><option value='AX' >Ilhas Aland<\/option><option value='KY' >Ilhas Cayman<\/option><option value='CC' >Ilhas Cocos (Keeling)<\/option><option value='CK' >Ilhas Cook<\/option><option value='FO' >Ilhas Faro\u00e9<\/option><option value='GS' >Ilhas Ge\u00f3rgia do Sul\/Sandu\u00edche<\/option><option value='FK' >Ilhas Malvinas<\/option><option value='MP' >Ilhas Marianas do Norte<\/option><option value='MH' >Ilhas Marshall<\/option><option value='UM' >Ilhas Menores Distantes dos Estados Unidos (EUA)<\/option><option value='SB' >Ilhas Salom\u00e3o<\/option><option value='TC' >Ilhas Turcas e Caicos<\/option><option value='VG' >Ilhas Virgens Brit\u00e2nicas<\/option><option value='ID' >Indon\u00e9sia<\/option><option value='IQ' >Iraque<\/option><option value='IE' >Irlanda<\/option><option value='IR' >Ir\u00e3<\/option><option value='IS' >Isl\u00e2ndia<\/option><option value='IL' >Israel<\/option><option value='IT' >It\u00e1lia<\/option><option value='YE' >I\u00e9men<\/option><option value='JM' >Jamaica<\/option><option value='JP' >Jap\u00e3o<\/option><option value='JE' >Jersey<\/option><option value='JO' >Jord\u00e2nia<\/option><option value='KI' >Kiribati<\/option><option value='XK' >Kosovo<\/option><option value='KW' >Kuwait<\/option><option value='LA' >Laos<\/option><option value='LS' >Lesoto<\/option><option value='LV' >Let\u00f4nia<\/option><option value='LR' >Lib\u00e9ria<\/option><option value='LI' >Liechtenstein<\/option><option value='LT' >Litu\u00e2nia<\/option><option value='LU' >Luxemburgo<\/option><option value='LB' >L\u00edbano<\/option><option value='LY' >L\u00edbia<\/option><option value='MG' >Madag\u00e1scar<\/option><option value='YT' >Maiote<\/option><option value='MW' >Malau\u00ed<\/option><option value='MV' >Maldivas<\/option><option value='ML' >Mali<\/option><option value='MT' >Malta<\/option><option value='MY' >Mal\u00e1sia<\/option><option value='MA' >Marrocos<\/option><option value='MQ' >Martinica<\/option><option value='MU' >Maur\u00edcio<\/option><option value='MR' >Maurit\u00e2nia<\/option><option value='MM' >Mianmar<\/option><option value='FM' >Micron\u00e9sia<\/option><option value='MD' >Mold\u00e1via<\/option><option value='MN' >Mong\u00f3lia<\/option><option value='ME' >Montenegro<\/option><option value='MS' >Montserrat<\/option><option value='MZ' >Mo\u00e7ambique<\/option><option value='MX' >M\u00e9xico<\/option><option value='MC' >M\u00f4naco<\/option><option value='NA' >Nam\u00edbia<\/option><option value='NR' >Nauru<\/option><option value='NP' >Nepal<\/option><option value='NI' >Nicar\u00e1gua<\/option><option value='NG' >Nig\u00e9ria<\/option><option value='NU' >Niue<\/option><option value='MK' >North Macedonia<\/option><option value='NO' >Noruega<\/option><option value='NC' >Nova Caled\u00f4nia<\/option><option value='NZ' >Nova Zel\u00e2ndia<\/option><option value='NE' >N\u00edger<\/option><option value='OM' >Om\u00e3<\/option><option value='PW' >Palau<\/option><option value='PA' >Panam\u00e1<\/option><option value='PG' >Papua Nova Guin\u00e9<\/option><option value='PK' >Paquist\u00e3o<\/option><option value='PY' >Paraguai<\/option><option value='PE' >Peru<\/option><option value='PN' >Pitcairn<\/option><option value='PF' >Polin\u00e9sia Francesa<\/option><option value='PL' >Pol\u00f4nia<\/option><option value='PR' >Porto Rico<\/option><option value='PT' >Portugal<\/option><option value='KG' >Quirguist\u00e3o<\/option><option value='KE' >Qu\u00eania<\/option><option value='MO' >RAE de Macau, China<\/option><option value='GB' >Reino Unido (Reino Unido)<\/option><option value='CF' >Rep\u00fablica Centro-africana<\/option><option value='CZ' >Rep\u00fablica Checa<\/option><option value='CD' >Rep\u00fablica Democr\u00e1tica do Congo (Quinxassa)<\/option><option value='DO' >Rep\u00fablica Dominicana<\/option><option value='CG' >Rep\u00fablica do Congo (Brazzaville)<\/option><option value='RO' >Rom\u00eania<\/option><option value='RW' >Ruanda<\/option><option value='RE' >R\u00e9union<\/option><option value='RU' >R\u00fassia<\/option><option value='EH' >Saara Ocidental<\/option><option value='SH' >Santa Helena<\/option><option value='WS' >Samoa<\/option><option value='AS' >Samoa Americana<\/option><option value='SM' >S\u00e3o Marino<\/option><option value='LC' >Santa L\u00facia<\/option><option value='SN' >Senegal<\/option><option value='SL' >Serra Leoa<\/option><option value='SC' >Seicheles<\/option><option value='SO' >Som\u00e1lia<\/option><option value='LK' >Sri Lanka<\/option><option value='SD' >Sud\u00e3o<\/option><option value='SS' >Sud\u00e3o do Sul<\/option><option value='SR' >Suriname<\/option><option value='SE' >Su\u00e9cia<\/option><option value='CH' >Su\u00ed\u00e7a<\/option><option value='SJ' >Svalbard e Jan Mayen<\/option><option value='BL' >S\u00e3o Bartolomeu<\/option><option value='KN' >S\u00e3o Crist\u00f3v\u00e3o e Nevis<\/option><option value='MF' >S\u00e3o Martinho (parte francesa)<\/option><option value='SX' >S\u00e3o Martinho (parte holandesa)<\/option><option value='PM' >S\u00e3o Pedro e Miquelon<\/option><option value='ST' >S\u00e3o Tom\u00e9 e Pr\u00edncipe<\/option><option value='VC' >S\u00e3o Vicente e Granadinas<\/option><option value='RS' >S\u00e9rvia<\/option><option value='SY' >S\u00edria<\/option><option value='TJ' >Tadjiquist\u00e3o<\/option><option value='TH' >Tail\u00e2ndia<\/option><option value='TW' >Taiwan<\/option><option value='TZ' >Tanz\u00e2nia<\/option><option value='IO' >Territ\u00f3rio Brit\u00e2nico do Oceano \u00cdndico<\/option><option value='PS' >Territ\u00f3rio Palestino<\/option><option value='TF' >Territ\u00f3rios Franceses do Sul<\/option><option value='TL' >Timor-Leste<\/option><option value='TG' >Ir<\/option><option value='TO' >Tonga<\/option><option value='TK' >Toquelau<\/option><option value='TT' >Trindade e Tobago<\/option><option value='TN' >Tun\u00edsia<\/option><option value='TM' >Turquemenist\u00e3o<\/option><option value='TR' >Turquia<\/option><option value='TV' >Tuvalu<\/option><option value='UA' >Ucr\u00e2nia<\/option><option value='UG' >Uganda<\/option><option value='UY' >Uruguai<\/option><option value='UZ' >Uzbequist\u00e3o<\/option><option value='VU' >Vanuatu<\/option><option value='VA' >Vaticano<\/option><option value='VE' >Venezuela<\/option><option value='VN' >Vietn\u00e3<\/option><option value='WF' >Wallis e Futuna<\/option><option value='ZW' >Zimb\u00e1bue<\/option><option value='ZM' >Z\u00e2mbia<\/option><option value='ZA' >\u00c1frica do Sul<\/option><option value='AT' >\u00c1ustria<\/option><option value='IN' >\u00cdndia<\/option><\/select><\/div><\/div><div class='ff-el-group'><div class=\"ff-el-input--label asterisk-right\"><label for='ff_3_dropdown' id='label_ff_3_dropdown' aria-label=\"? Que tipo de ordem voc\u00ea quer\">? Que tipo de ordem voc\u00ea quer <\/label><\/div><div class='ff-el-input--content'><select name=\"dropdown\" id=\"ff_3_dropdown\" class=\"ff-el-form-control\" data-name=\"dropdown\" data-calc_value=\"0\"  aria-invalid=\"false\" aria-required=\"false\" aria-labelledby=\"label_ff_3_dropdown\"><option value=\"\">- Selecione -<\/option><option value=\"Fruits\"  >Fruta<\/option><option value=\"Vegetables\"  >Vegetais<\/option><\/select><\/div><\/div><div class='ff-el-group ff-text-left ff_submit_btn_wrapper'><button type=\"submit\" class=\"ff-btn ff-btn-submit ff-btn-md ff_btn_style\"  aria-label=\"Solicitar um or\u00e7amento\">Solicitar um or\u00e7amento<\/button><\/div><\/fieldset><input type=\"hidden\" name=\"trp-form-language\" value=\"pt\"\/><\/form><div id='fluentform_3_errors' class='ff-errors-in-stack ff_form_instance_3_1 ff-form-loading_errors ff_form_instance_3_1_errors'><\/div><\/div>            <script type=\"text\/javascript\">\n                window.fluent_form_ff_form_instance_3_1 = {\"id\":\"3\",\"settings\":{\"layout\":{\"labelPlacement\":\"top\",\"helpMessagePlacement\":\"with_label\",\"errorMessagePlacement\":\"inline\",\"cssClassName\":\"\",\"asteriskPlacement\":\"asterisk-right\"},\"restrictions\":{\"denyEmptySubmission\":{\"enabled\":false}}},\"form_instance\":\"ff_form_instance_3_1\",\"form_id_selector\":\"fluentform_3\",\"rules\":{\"names[first_name]\":{\"required\":{\"value\":false,\"message\":\"Este campo \\u00e9 obrigat\\u00f3rio\",\"global_message\":\"This field is required\",\"global\":true}},\"names[middle_name]\":{\"required\":{\"value\":false,\"message\":\"Este campo \\u00e9 obrigat\\u00f3rio\",\"global_message\":\"This field is required\",\"global\":true}},\"names[last_name]\":{\"required\":{\"value\":false,\"message\":\"Este campo \\u00e9 obrigat\\u00f3rio\",\"global_message\":\"This field is required\",\"global\":true}},\"phone\":{\"required\":{\"value\":false,\"global\":true,\"message\":\"Este campo \\u00e9 obrigat\\u00f3rio\",\"global_message\":\"This field is required\"},\"valid_phone_number\":{\"value\":false,\"global\":true,\"message\":\"O n\\u00famero de telefone n\\u00e3o \\u00e9 v\\u00e1lido\",\"global_message\":\"Phone number is not valid\"}},\"email\":{\"required\":{\"value\":false,\"message\":\"Este campo \\u00e9 obrigat\\u00f3rio\",\"global_message\":\"This field is required\",\"global\":true},\"email\":{\"value\":true,\"message\":\"Este campo deve conter um e-mail v\\u00e1lido\",\"global_message\":\"This field must contain a valid email\",\"global\":true}},\"country-list\":{\"required\":{\"value\":false,\"message\":\"Este campo \\u00e9 obrigat\\u00f3rio\",\"global_message\":\"This field is required\",\"global\":true}},\"dropdown\":{\"required\":{\"value\":false,\"message\":\"Este campo \\u00e9 obrigat\\u00f3rio\",\"global_message\":\"This field is required\",\"global\":true}}},\"debounce_time\":300};\n                            <\/script>","protected":false},"excerpt":{"rendered":"","protected":false},"author":1,"featured_media":0,"parent":0,"menu_order":0,"comment_status":"closed","ping_status":"closed","template":"","meta":{"site-sidebar-layout":"default","site-content-layout":"","ast-site-content-layout":"default","site-content-style":"default","site-sidebar-style":"default","ast-global-header-display":"","ast-banner-title-visibility":"","ast-main-header-display":"","ast-hfb-above-header-display":"","ast-hfb-below-header-display":"","ast-hfb-mobile-header-display":"","site-post-title":"","ast-breadcrumbs-content":"","ast-featured-img":"","footer-sml-layout":"","ast-disable-related-posts":"","theme-transparent-header-meta":"","adv-header-id-meta":"","stick-header-meta":"","header-above-stick-meta":"","header-main-stick-meta":"","header-below-stick-meta":"","astra-migrate-meta-layouts":"set","ast-page-background-enabled":"default","ast-page-background-meta":{"desktop":{"background-color":"","background-image":"","background-repeat":"repeat","background-position":"center center","background-size":"auto","background-attachment":"scroll","background-type":"","background-media":"","overlay-type":"","overlay-color":"","overlay-opacity":"","overlay-gradient":""},"tablet":{"background-color":"","background-image":"","background-repeat":"repeat","background-position":"center center","background-size":"auto","background-attachment":"scroll","background-type":"","background-media":"","overlay-type":"","overlay-color":"","overlay-opacity":"","overlay-gradient":""},"mobile":{"background-color":"","background-image":"","background-repeat":"repeat","background-position":"center center","background-size":"auto","background-attachment":"scroll","background-type":"","background-media":"","overlay-type":"","overlay-color":"","overlay-opacity":"","overlay-gradient":""}},"ast-content-background-meta":{"desktop":{"background-color":"var(--ast-global-color-5)","background-image":"","background-repeat":"repeat","background-position":"center center","background-size":"auto","background-attachment":"scroll","background-type":"","background-media":"","overlay-type":"","overlay-color":"","overlay-opacity":"","overlay-gradient":""},"tablet":{"background-color":"var(--ast-global-color-5)","background-image":"","background-repeat":"repeat","background-position":"center center","background-size":"auto","background-attachment":"scroll","background-type":"","background-media":"","overlay-type":"","overlay-color":"","overlay-opacity":"","overlay-gradient":""},"mobile":{"background-color":"var(--ast-global-color-5)","background-image":"","background-repeat":"repeat","background-position":"center center","background-size":"auto","background-attachment":"scroll","background-type":"","background-media":"","overlay-type":"","overlay-color":"","overlay-opacity":"","overlay-gradient":""}},"footnotes":""},"class_list":["post-2284","page","type-page","status-publish","hentry"],"yoast_head":"<!-- This site is optimized with the Yoast SEO plugin v26.7 - https:\/\/yoast.com\/wordpress\/plugins\/seo\/ -->\n<title>Request a quote now - Fertile land Exports<\/title>\n<meta name=\"robots\" content=\"index, follow, max-snippet:-1, max-image-preview:large, max-video-preview:-1\" \/>\n<link rel=\"canonical\" href=\"https:\/\/fertilelandexports.com\/pt\/quote\/\" \/>\n<meta property=\"og:locale\" content=\"pt_BR\" \/>\n<meta property=\"og:type\" content=\"article\" \/>\n<meta property=\"og:title\" content=\"Request a quote now - Fertile land Exports\" \/>\n<meta property=\"og:url\" content=\"https:\/\/fertilelandexports.com\/pt\/quote\/\" \/>\n<meta property=\"og:site_name\" content=\"Fertile land Exports\" \/>\n<meta property=\"article:publisher\" content=\"https:\/\/www.facebook.com\/Fertilelandexports\" \/>\n<meta name=\"twitter:card\" content=\"summary_large_image\" \/>\n<script type=\"application\/ld+json\" class=\"yoast-schema-graph\">{\"@context\":\"https:\/\/schema.org\",\"@graph\":[{\"@type\":\"WebPage\",\"@id\":\"https:\/\/fertilelandexports.com\/quote\/\",\"url\":\"https:\/\/fertilelandexports.com\/quote\/\",\"name\":\"Request a quote now - Fertile land Exports\",\"isPartOf\":{\"@id\":\"https:\/\/fertilelandexports.com\/#website\"},\"datePublished\":\"2024-05-21T13:26:56+00:00\",\"breadcrumb\":{\"@id\":\"https:\/\/fertilelandexports.com\/quote\/#breadcrumb\"},\"inLanguage\":\"pt-BR\",\"potentialAction\":[{\"@type\":\"ReadAction\",\"target\":[\"https:\/\/fertilelandexports.com\/quote\/\"]}]},{\"@type\":\"BreadcrumbList\",\"@id\":\"https:\/\/fertilelandexports.com\/quote\/#breadcrumb\",\"itemListElement\":[{\"@type\":\"ListItem\",\"position\":1,\"name\":\"\u0627\u0644\u0631\u0626\u064a\u0633\u064a\u0629\",\"item\":\"https:\/\/fertilelandexports.com\/\"},{\"@type\":\"ListItem\",\"position\":2,\"name\":\"Request a quote now\"}]},{\"@type\":\"WebSite\",\"@id\":\"https:\/\/fertilelandexports.com\/#website\",\"url\":\"https:\/\/fertilelandexports.com\/\",\"name\":\"Fertile land Exports\",\"description\":\"\",\"publisher\":{\"@id\":\"https:\/\/fertilelandexports.com\/#organization\"},\"potentialAction\":[{\"@type\":\"SearchAction\",\"target\":{\"@type\":\"EntryPoint\",\"urlTemplate\":\"https:\/\/fertilelandexports.com\/?s={search_term_string}\"},\"query-input\":{\"@type\":\"PropertyValueSpecification\",\"valueRequired\":true,\"valueName\":\"search_term_string\"}}],\"inLanguage\":\"pt-BR\"},{\"@type\":\"Organization\",\"@id\":\"https:\/\/fertilelandexports.com\/#organization\",\"name\":\"Fertile land Exports\",\"url\":\"https:\/\/fertilelandexports.com\/\",\"logo\":{\"@type\":\"ImageObject\",\"inLanguage\":\"pt-BR\",\"@id\":\"https:\/\/fertilelandexports.com\/#\/schema\/logo\/image\/\",\"url\":\"https:\/\/fertilelandexports.com\/wp-content\/uploads\/2025\/05\/square-format-transparent-background-designify.png\",\"contentUrl\":\"https:\/\/fertilelandexports.com\/wp-content\/uploads\/2025\/05\/square-format-transparent-background-designify.png\",\"width\":600,\"height\":600,\"caption\":\"Fertile land Exports\"},\"image\":{\"@id\":\"https:\/\/fertilelandexports.com\/#\/schema\/logo\/image\/\"},\"sameAs\":[\"https:\/\/www.facebook.com\/Fertilelandexports\",\"https:\/\/www.linkedin.com\/company\/fertilelandexports\/\"]}]}<\/script>\n<!-- \/ Yoast SEO plugin. -->","yoast_head_json":{"title":"Request a quote now - Fertile land Exports","robots":{"index":"index","follow":"follow","max-snippet":"max-snippet:-1","max-image-preview":"max-image-preview:large","max-video-preview":"max-video-preview:-1"},"canonical":"https:\/\/fertilelandexports.com\/pt\/quote\/","og_locale":"pt_BR","og_type":"article","og_title":"Request a quote now - Fertile land Exports","og_url":"https:\/\/fertilelandexports.com\/pt\/quote\/","og_site_name":"Fertile land Exports","article_publisher":"https:\/\/www.facebook.com\/Fertilelandexports","twitter_card":"summary_large_image","schema":{"@context":"https:\/\/schema.org","@graph":[{"@type":"WebPage","@id":"https:\/\/fertilelandexports.com\/quote\/","url":"https:\/\/fertilelandexports.com\/quote\/","name":"Request a quote now - Fertile land Exports","isPartOf":{"@id":"https:\/\/fertilelandexports.com\/#website"},"datePublished":"2024-05-21T13:26:56+00:00","breadcrumb":{"@id":"https:\/\/fertilelandexports.com\/quote\/#breadcrumb"},"inLanguage":"pt-BR","potentialAction":[{"@type":"ReadAction","target":["https:\/\/fertilelandexports.com\/quote\/"]}]},{"@type":"BreadcrumbList","@id":"https:\/\/fertilelandexports.com\/quote\/#breadcrumb","itemListElement":[{"@type":"ListItem","position":1,"name":"\u0627\u0644\u0631\u0626\u064a\u0633\u064a\u0629","item":"https:\/\/fertilelandexports.com\/"},{"@type":"ListItem","position":2,"name":"Request a quote now"}]},{"@type":"WebSite","@id":"https:\/\/fertilelandexports.com\/#website","url":"https:\/\/fertilelandexports.com\/","name":"Fertile land Exports","description":"","publisher":{"@id":"https:\/\/fertilelandexports.com\/#organization"},"potentialAction":[{"@type":"SearchAction","target":{"@type":"EntryPoint","urlTemplate":"https:\/\/fertilelandexports.com\/?s={search_term_string}"},"query-input":{"@type":"PropertyValueSpecification","valueRequired":true,"valueName":"search_term_string"}}],"inLanguage":"pt-BR"},{"@type":"Organization","@id":"https:\/\/fertilelandexports.com\/#organization","name":"Fertile land Exports","url":"https:\/\/fertilelandexports.com\/","logo":{"@type":"ImageObject","inLanguage":"pt-BR","@id":"https:\/\/fertilelandexports.com\/#\/schema\/logo\/image\/","url":"https:\/\/fertilelandexports.com\/wp-content\/uploads\/2025\/05\/square-format-transparent-background-designify.png","contentUrl":"https:\/\/fertilelandexports.com\/wp-content\/uploads\/2025\/05\/square-format-transparent-background-designify.png","width":600,"height":600,"caption":"Fertile land Exports"},"image":{"@id":"https:\/\/fertilelandexports.com\/#\/schema\/logo\/image\/"},"sameAs":["https:\/\/www.facebook.com\/Fertilelandexports","https:\/\/www.linkedin.com\/company\/fertilelandexports\/"]}]}},"_links":{"self":[{"href":"https:\/\/fertilelandexports.com\/pt\/wp-json\/wp\/v2\/pages\/2284","targetHints":{"allow":["GET"]}}],"collection":[{"href":"https:\/\/fertilelandexports.com\/pt\/wp-json\/wp\/v2\/pages"}],"about":[{"href":"https:\/\/fertilelandexports.com\/pt\/wp-json\/wp\/v2\/types\/page"}],"author":[{"embeddable":true,"href":"https:\/\/fertilelandexports.com\/pt\/wp-json\/wp\/v2\/users\/1"}],"replies":[{"embeddable":true,"href":"https:\/\/fertilelandexports.com\/pt\/wp-json\/wp\/v2\/comments?post=2284"}],"version-history":[{"count":1,"href":"https:\/\/fertilelandexports.com\/pt\/wp-json\/wp\/v2\/pages\/2284\/revisions"}],"predecessor-version":[{"id":2285,"href":"https:\/\/fertilelandexports.com\/pt\/wp-json\/wp\/v2\/pages\/2284\/revisions\/2285"}],"wp:attachment":[{"href":"https:\/\/fertilelandexports.com\/pt\/wp-json\/wp\/v2\/media?parent=2284"}],"curies":[{"name":"wp","href":"https:\/\/api.w.org\/{rel}","templated":true}]}}