{"id":2,"date":"2023-01-06T16:51:03","date_gmt":"2023-01-06T16:51:03","guid":{"rendered":"https:\/\/fertilelandexports.com\/?page_id=2"},"modified":"2023-01-06T16:51:03","modified_gmt":"2023-01-06T16:51:03","slug":"sample-page","status":"publish","type":"page","link":"https:\/\/fertilelandexports.com\/pt\/sample-page\/","title":{"rendered":"P\u00e1gina de amostra"},"content":{"rendered":"<p>Esta \u00e9 uma p\u00e1gina de exemplo. \u00c9 diferente de uma postagem de blog porque permanecer\u00e1 em um s\u00f3 lugar e aparecer\u00e1 na navega\u00e7\u00e3o do seu site (na maioria dos temas). A maioria das pessoas come\u00e7a com uma p\u00e1gina &quot;Sobre&quot; que as apresenta a potenciais visitantes do site. Ela pode ser algo assim:<\/p>\n\n\n\n<blockquote class=\"wp-block-quote is-layout-flow wp-block-quote-is-layout-flow\"><p>Ol\u00e1! Sou mensageiro de bicicleta durante o dia e aspirante a ator \u00e0 noite, e este \u00e9 o meu site. Moro em Los Angeles, tenho um cachorro incr\u00edvel chamado Jack e adoro pi\u00f1as coladas. (E ser pego pela chuva.)<\/p><\/blockquote>\n\n\n\n<p>\u2026ou algo assim:<\/p>\n\n\n\n<blockquote class=\"wp-block-quote is-layout-flow wp-block-quote-is-layout-flow\"><p>A XYZ Doohickey Company foi fundada em 1971 e, desde ent\u00e3o, fornece bugigangas de qualidade ao p\u00fablico. Localizada em Gotham City, a XYZ emprega mais de 2.000 pessoas e faz todo tipo de coisas incr\u00edveis pela comunidade de Gotham.<\/p><\/blockquote>\n\n\n\n<p>Como um novo usu\u00e1rio do WordPress, voc\u00ea deve ir para <a href=\"https:\/\/fertilelandexports.com\/wp-admin\/\">seu painel<\/a> para excluir esta p\u00e1gina e criar novas p\u00e1ginas para o seu conte\u00fado. Divirta-se!<\/p>","protected":false},"excerpt":{"rendered":"<p>Esta \u00e9 uma p\u00e1gina de exemplo. \u00c9 diferente de uma postagem de blog porque permanecer\u00e1 em um lugar e [\u2026]<\/p>","protected":false},"author":1,"featured_media":0,"parent":0,"menu_order":0,"comment_status":"closed","ping_status":"open","template":"","meta":{"site-sidebar-layout":"default","site-content-layout":"","ast-site-content-layout":"default","site-content-style":"default","site-sidebar-style":"default","ast-global-header-display":"","ast-banner-title-visibility":"","ast-main-header-display":"","ast-hfb-above-header-display":"","ast-hfb-below-header-display":"","ast-hfb-mobile-header-display":"","site-post-title":"","ast-breadcrumbs-content":"","ast-featured-img":"","footer-sml-layout":"","ast-disable-related-posts":"","theme-transparent-header-meta":"","adv-header-id-meta":"","stick-header-meta":"","header-above-stick-meta":"","header-main-stick-meta":"","header-below-stick-meta":"","astra-migrate-meta-layouts":"default","ast-page-background-enabled":"default","ast-page-background-meta":{"desktop":{"background-color":"","background-image":"","background-repeat":"repeat","background-position":"center center","background-size":"auto","background-attachment":"scroll","background-type":"","background-media":"","overlay-type":"","overlay-color":"","overlay-opacity":"","overlay-gradient":""},"tablet":{"background-color":"","background-image":"","background-repeat":"repeat","background-position":"center center","background-size":"auto","background-attachment":"scroll","background-type":"","background-media":"","overlay-type":"","overlay-color":"","overlay-opacity":"","overlay-gradient":""},"mobile":{"background-color":"","background-image":"","background-repeat":"repeat","background-position":"center center","background-size":"auto","background-attachment":"scroll","background-type":"","background-media":"","overlay-type":"","overlay-color":"","overlay-opacity":"","overlay-gradient":""}},"ast-content-background-meta":{"desktop":{"background-color":"var(--ast-global-color-5)","background-image":"","background-repeat":"repeat","background-position":"center center","background-size":"auto","background-attachment":"scroll","background-type":"","background-media":"","overlay-type":"","overlay-color":"","overlay-opacity":"","overlay-gradient":""},"tablet":{"background-color":"var(--ast-global-color-5)","background-image":"","background-repeat":"repeat","background-position":"center center","background-size":"auto","background-attachment":"scroll","background-type":"","background-media":"","overlay-type":"","overlay-color":"","overlay-opacity":"","overlay-gradient":""},"mobile":{"background-color":"var(--ast-global-color-5)","background-image":"","background-repeat":"repeat","background-position":"center center","background-size":"auto","background-attachment":"scroll","background-type":"","background-media":"","overlay-type":"","overlay-color":"","overlay-opacity":"","overlay-gradient":""}},"footnotes":""},"class_list":["post-2","page","type-page","status-publish","hentry"],"yoast_head":"<!-- This site is optimized with the Yoast SEO plugin v26.7 - https:\/\/yoast.com\/wordpress\/plugins\/seo\/ -->\n<title>Sample Page - Fertile land Exports<\/title>\n<meta name=\"robots\" content=\"index, follow, max-snippet:-1, max-image-preview:large, max-video-preview:-1\" \/>\n<link rel=\"canonical\" href=\"https:\/\/fertilelandexports.com\/pt\/sample-page\/\" \/>\n<meta property=\"og:locale\" content=\"pt_BR\" \/>\n<meta property=\"og:type\" content=\"article\" \/>\n<meta property=\"og:title\" content=\"Sample Page - Fertile land Exports\" \/>\n<meta property=\"og:description\" content=\"This is an example page. It&#8217;s different from a blog post because it will stay in one place and will [&hellip;]\" \/>\n<meta property=\"og:url\" content=\"https:\/\/fertilelandexports.com\/pt\/sample-page\/\" \/>\n<meta property=\"og:site_name\" content=\"Fertile land Exports\" \/>\n<meta property=\"article:publisher\" content=\"https:\/\/www.facebook.com\/Fertilelandexports\" \/>\n<meta name=\"twitter:card\" content=\"summary_large_image\" \/>\n<meta name=\"twitter:label1\" content=\"Est. tempo de leitura\" \/>\n\t<meta name=\"twitter:data1\" content=\"1 minuto\" \/>\n<script type=\"application\/ld+json\" class=\"yoast-schema-graph\">{\"@context\":\"https:\/\/schema.org\",\"@graph\":[{\"@type\":\"WebPage\",\"@id\":\"https:\/\/fertilelandexports.com\/sample-page\/\",\"url\":\"https:\/\/fertilelandexports.com\/sample-page\/\",\"name\":\"Sample Page - Fertile land Exports\",\"isPartOf\":{\"@id\":\"https:\/\/fertilelandexports.com\/#website\"},\"datePublished\":\"2023-01-06T16:51:03+00:00\",\"breadcrumb\":{\"@id\":\"https:\/\/fertilelandexports.com\/sample-page\/#breadcrumb\"},\"inLanguage\":\"pt-BR\",\"potentialAction\":[{\"@type\":\"ReadAction\",\"target\":[\"https:\/\/fertilelandexports.com\/sample-page\/\"]}]},{\"@type\":\"BreadcrumbList\",\"@id\":\"https:\/\/fertilelandexports.com\/sample-page\/#breadcrumb\",\"itemListElement\":[{\"@type\":\"ListItem\",\"position\":1,\"name\":\"\u0627\u0644\u0631\u0626\u064a\u0633\u064a\u0629\",\"item\":\"https:\/\/fertilelandexports.com\/\"},{\"@type\":\"ListItem\",\"position\":2,\"name\":\"Sample Page\"}]},{\"@type\":\"WebSite\",\"@id\":\"https:\/\/fertilelandexports.com\/#website\",\"url\":\"https:\/\/fertilelandexports.com\/\",\"name\":\"Fertile land Exports\",\"description\":\"\",\"publisher\":{\"@id\":\"https:\/\/fertilelandexports.com\/#organization\"},\"potentialAction\":[{\"@type\":\"SearchAction\",\"target\":{\"@type\":\"EntryPoint\",\"urlTemplate\":\"https:\/\/fertilelandexports.com\/?s={search_term_string}\"},\"query-input\":{\"@type\":\"PropertyValueSpecification\",\"valueRequired\":true,\"valueName\":\"search_term_string\"}}],\"inLanguage\":\"pt-BR\"},{\"@type\":\"Organization\",\"@id\":\"https:\/\/fertilelandexports.com\/#organization\",\"name\":\"Fertile land Exports\",\"url\":\"https:\/\/fertilelandexports.com\/\",\"logo\":{\"@type\":\"ImageObject\",\"inLanguage\":\"pt-BR\",\"@id\":\"https:\/\/fertilelandexports.com\/#\/schema\/logo\/image\/\",\"url\":\"https:\/\/fertilelandexports.com\/wp-content\/uploads\/2025\/05\/square-format-transparent-background-designify.png\",\"contentUrl\":\"https:\/\/fertilelandexports.com\/wp-content\/uploads\/2025\/05\/square-format-transparent-background-designify.png\",\"width\":600,\"height\":600,\"caption\":\"Fertile land Exports\"},\"image\":{\"@id\":\"https:\/\/fertilelandexports.com\/#\/schema\/logo\/image\/\"},\"sameAs\":[\"https:\/\/www.facebook.com\/Fertilelandexports\",\"https:\/\/www.linkedin.com\/company\/fertilelandexports\/\"]}]}<\/script>\n<!-- \/ Yoast SEO plugin. -->","yoast_head_json":{"title":"Sample Page - Fertile land Exports","robots":{"index":"index","follow":"follow","max-snippet":"max-snippet:-1","max-image-preview":"max-image-preview:large","max-video-preview":"max-video-preview:-1"},"canonical":"https:\/\/fertilelandexports.com\/pt\/sample-page\/","og_locale":"pt_BR","og_type":"article","og_title":"Sample Page - Fertile land Exports","og_description":"This is an example page. It&#8217;s different from a blog post because it will stay in one place and will [&hellip;]","og_url":"https:\/\/fertilelandexports.com\/pt\/sample-page\/","og_site_name":"Fertile land Exports","article_publisher":"https:\/\/www.facebook.com\/Fertilelandexports","twitter_card":"summary_large_image","twitter_misc":{"Est. tempo de leitura":"1 minuto"},"schema":{"@context":"https:\/\/schema.org","@graph":[{"@type":"WebPage","@id":"https:\/\/fertilelandexports.com\/sample-page\/","url":"https:\/\/fertilelandexports.com\/sample-page\/","name":"Sample Page - Fertile land Exports","isPartOf":{"@id":"https:\/\/fertilelandexports.com\/#website"},"datePublished":"2023-01-06T16:51:03+00:00","breadcrumb":{"@id":"https:\/\/fertilelandexports.com\/sample-page\/#breadcrumb"},"inLanguage":"pt-BR","potentialAction":[{"@type":"ReadAction","target":["https:\/\/fertilelandexports.com\/sample-page\/"]}]},{"@type":"BreadcrumbList","@id":"https:\/\/fertilelandexports.com\/sample-page\/#breadcrumb","itemListElement":[{"@type":"ListItem","position":1,"name":"\u0627\u0644\u0631\u0626\u064a\u0633\u064a\u0629","item":"https:\/\/fertilelandexports.com\/"},{"@type":"ListItem","position":2,"name":"Sample Page"}]},{"@type":"WebSite","@id":"https:\/\/fertilelandexports.com\/#website","url":"https:\/\/fertilelandexports.com\/","name":"Fertile land Exports","description":"","publisher":{"@id":"https:\/\/fertilelandexports.com\/#organization"},"potentialAction":[{"@type":"SearchAction","target":{"@type":"EntryPoint","urlTemplate":"https:\/\/fertilelandexports.com\/?s={search_term_string}"},"query-input":{"@type":"PropertyValueSpecification","valueRequired":true,"valueName":"search_term_string"}}],"inLanguage":"pt-BR"},{"@type":"Organization","@id":"https:\/\/fertilelandexports.com\/#organization","name":"Fertile land Exports","url":"https:\/\/fertilelandexports.com\/","logo":{"@type":"ImageObject","inLanguage":"pt-BR","@id":"https:\/\/fertilelandexports.com\/#\/schema\/logo\/image\/","url":"https:\/\/fertilelandexports.com\/wp-content\/uploads\/2025\/05\/square-format-transparent-background-designify.png","contentUrl":"https:\/\/fertilelandexports.com\/wp-content\/uploads\/2025\/05\/square-format-transparent-background-designify.png","width":600,"height":600,"caption":"Fertile land Exports"},"image":{"@id":"https:\/\/fertilelandexports.com\/#\/schema\/logo\/image\/"},"sameAs":["https:\/\/www.facebook.com\/Fertilelandexports","https:\/\/www.linkedin.com\/company\/fertilelandexports\/"]}]}},"_links":{"self":[{"href":"https:\/\/fertilelandexports.com\/pt\/wp-json\/wp\/v2\/pages\/2","targetHints":{"allow":["GET"]}}],"collection":[{"href":"https:\/\/fertilelandexports.com\/pt\/wp-json\/wp\/v2\/pages"}],"about":[{"href":"https:\/\/fertilelandexports.com\/pt\/wp-json\/wp\/v2\/types\/page"}],"author":[{"embeddable":true,"href":"https:\/\/fertilelandexports.com\/pt\/wp-json\/wp\/v2\/users\/1"}],"replies":[{"embeddable":true,"href":"https:\/\/fertilelandexports.com\/pt\/wp-json\/wp\/v2\/comments?post=2"}],"version-history":[{"count":0,"href":"https:\/\/fertilelandexports.com\/pt\/wp-json\/wp\/v2\/pages\/2\/revisions"}],"wp:attachment":[{"href":"https:\/\/fertilelandexports.com\/pt\/wp-json\/wp\/v2\/media?parent=2"}],"curies":[{"name":"wp","href":"https:\/\/api.w.org\/{rel}","templated":true}]}}