{"id":1834,"date":"2024-05-20T16:22:17","date_gmt":"2024-05-20T16:22:17","guid":{"rendered":"https:\/\/fertilelandexports.com\/about\/"},"modified":"2024-08-04T06:13:17","modified_gmt":"2024-08-04T06:13:17","slug":"about","status":"publish","type":"page","link":"https:\/\/fertilelandexports.com\/pt\/about\/","title":{"rendered":"Sobre"},"content":{"rendered":"<div data-elementor-type=\"wp-page\" data-elementor-id=\"1834\" class=\"elementor elementor-1834\">\n\t\t\t\t\t\t<section class=\"elementor-section elementor-top-section elementor-element elementor-element-4naabs3 elementor-section-full_width elementor-section-height-default elementor-section-height-default\" data-id=\"4naabs3\" data-element_type=\"section\" data-settings=\"{&quot;background_background&quot;:&quot;classic&quot;,&quot;ekit_has_onepagescroll_dot&quot;:&quot;yes&quot;}\">\n\t\t\t\t\t\t<div class=\"elementor-container elementor-column-gap-no\">\n\t\t\t\t\t<div class=\"elementor-column elementor-col-100 elementor-top-column elementor-element elementor-element-0814f73\" data-id=\"0814f73\" data-element_type=\"column\">\n\t\t\t<div class=\"elementor-widget-wrap elementor-element-populated\">\n\t\t\t\t\t\t<div class=\"elementor-element elementor-element-18ea619 elementor-widget elementor-widget-image\" data-id=\"18ea619\" data-element_type=\"widget\" data-settings=\"{&quot;ekit_we_effect_on&quot;:&quot;none&quot;}\" data-widget_type=\"image.default\">\n\t\t\t\t<div class=\"elementor-widget-container\">\n\t\t\t\t\t\t\t\t\t\t\t\t\t\t\t<img fetchpriority=\"high\" decoding=\"async\" width=\"1920\" height=\"1080\" src=\"https:\/\/fertilelandexports.com\/wp-content\/uploads\/2024\/05\/about.webp\" class=\"attachment-full size-full wp-image-2670\" alt=\"\" srcset=\"https:\/\/fertilelandexports.com\/wp-content\/uploads\/2024\/05\/about.webp 1920w, https:\/\/fertilelandexports.com\/wp-content\/uploads\/2024\/05\/about-300x169.webp 300w, https:\/\/fertilelandexports.com\/wp-content\/uploads\/2024\/05\/about-1024x576.webp 1024w, https:\/\/fertilelandexports.com\/wp-content\/uploads\/2024\/05\/about-768x432.webp 768w, https:\/\/fertilelandexports.com\/wp-content\/uploads\/2024\/05\/about-1536x864.webp 1536w, https:\/\/fertilelandexports.com\/wp-content\/uploads\/2024\/05\/about-18x10.webp 18w\" sizes=\"(max-width: 1920px) 100vw, 1920px\" \/>\t\t\t\t\t\t\t\t\t\t\t\t\t\t\t<\/div>\n\t\t\t\t<\/div>\n\t\t\t\t\t<\/div>\n\t\t<\/div>\n\t\t\t\t\t<\/div>\n\t\t<\/section>\n\t\t\t\t<section class=\"elementor-section elementor-top-section elementor-element elementor-element-7b9eede elementor-section-boxed elementor-section-height-default elementor-section-height-default\" data-id=\"7b9eede\" data-element_type=\"section\" data-settings=\"{&quot;ekit_has_onepagescroll_dot&quot;:&quot;yes&quot;}\">\n\t\t\t\t\t\t<div class=\"elementor-container elementor-column-gap-default\">\n\t\t\t\t\t<div class=\"elementor-column elementor-col-100 elementor-top-column elementor-element elementor-element-2c5cd96\" data-id=\"2c5cd96\" data-element_type=\"column\">\n\t\t\t<div class=\"elementor-widget-wrap elementor-element-populated\">\n\t\t\t\t\t\t<div class=\"elementor-element elementor-element-e6aa11f elementor-widget elementor-widget-elementskit-heading\" data-id=\"e6aa11f\" data-element_type=\"widget\" data-settings=\"{&quot;ekit_we_effect_on&quot;:&quot;none&quot;}\" data-widget_type=\"elementskit-heading.default\">\n\t\t\t\t<div class=\"elementor-widget-container\">\n\t\t\t\t\t<div class=\"ekit-wid-con\" ><div class=\"ekit-heading elementskit-section-title-wraper center   ekit_heading_tablet-   ekit_heading_mobile-\"><h2 class=\"ekit-heading--title elementskit-section-title\">Uma das empresas l\u00edderes na exporta\u00e7\u00e3o de frutas e vegetais frescos e congelados em todo o mundo<\/h2><div class=\"ekit_heading_separetor_wraper ekit_heading_elementskit-border-divider elementskit-style-long\"><div class=\"elementskit-border-divider elementskit-style-long\"><\/div><\/div>\t\t\t\t<div class='ekit-heading__description'>\n\t\t\t\t\t<div class=\"flex flex-grow flex-col max-w-full\">\n<div class=\"min-h-[20px] text-message flex flex-col items-start whitespace-pre-wrap break-words [.text-message+&amp;]:mt-5 juice:w-full juice:items-end overflow-x-auto gap-2\">\n<div class=\"flex w-full flex-col gap-1 juice:empty:hidden juice:first:pt-[3px]\">\n<div class=\"markdown prose w-full break-words dark:prose-invert light\">\n<p>Nossa empresa, uma conceituada exportadora de frutas e vegetais frescos, congelados e secos do Egito, orgulha-se de oferecer uma gama diversificada de produtos eg\u00edpcios de alta qualidade para mercados em todo o mundo.<\/p>\n<p>Estabelecemos uma base f\u00e9rtil para nos tornarmos uma marca distinta no reino da exporta\u00e7\u00e3o de frutas e vegetais. Nossos produtos, obtidos diretamente de suas origens naturais, s\u00e3o entregues a todos os cantos do mundo, garantindo frescor e qualidade em cada etapa.<\/p>\n<p>Atendemos a todos os mercados globais, com foco particular nos mercados \u00e1rabe e europeu. Essa \u00eanfase estrat\u00e9gica nos permite atender \u00e0s demandas e prefer\u00eancias espec\u00edficas dessas regi\u00f5es, mantendo nosso compromisso com a excel\u00eancia.<\/p>\n<p>Nossa empresa possui as mais altas certifica\u00e7\u00f5es de qualidade reconhecidas internacionalmente, ressaltando nossa dedica\u00e7\u00e3o em fornecer produtos superiores. Al\u00e9m disso, empregamos os melhores m\u00e9todos de embalagem e embrulho para garantir a entrega segura e protegida de nossos produtos. Essa aten\u00e7\u00e3o meticulosa aos detalhes garante que nossas frutas e vegetais cheguem em perfeitas condi\u00e7\u00f5es, prontos para encantar consumidores em todo o mundo.<\/p>\n<p>Ao aderir consistentemente aos mais altos padr\u00f5es de qualidade e seguran\u00e7a, ganhamos uma reputa\u00e7\u00e3o como um parceiro confi\u00e1vel na ind\u00fastria global de exporta\u00e7\u00e3o de alimentos. Nosso compromisso com a excel\u00eancia e inova\u00e7\u00e3o nos leva a melhorar e expandir continuamente nossas ofertas, tornando-nos um l\u00edder na exporta\u00e7\u00e3o de produtos agr\u00edcolas eg\u00edpcios.<\/p>\n<\/div>\n<\/div>\n<\/div>\n<\/div>\n<div class=\"mt-1 flex gap-3 empty:hidden juice:-ml-3\">\n<div class=\"items-center justify-start rounded-xl p-1 flex\">\n<div class=\"flex items-center\">\n<div class=\"flex\">\u00a0<\/div>\n<div class=\"flex items-center pb-0.5 juice:pb-0\">\n<div class=\"[&amp;_svg]:h-full [&amp;_svg]:w-full icon-md h-4 w-4\">\u00a0<\/div>\n<\/div>\n<\/div>\n<\/div>\n<\/div>\n\t\t\t\t<\/div>\n\t\t\t<\/div><\/div>\t\t\t\t<\/div>\n\t\t\t\t<\/div>\n\t\t\t\t\t<\/div>\n\t\t<\/div>\n\t\t\t\t\t<\/div>\n\t\t<\/section>\n\t\t\t\t<\/div>","protected":false},"excerpt":{"rendered":"<p>One Of The Leading Companies for Exporting Fresh and Frozen Fruits and Vegetables Worldwide Our company, an esteemed exporter of [&hellip;]<\/p>","protected":false},"author":1,"featured_media":0,"parent":0,"menu_order":0,"comment_status":"closed","ping_status":"closed","template":"","meta":{"site-sidebar-layout":"no-sidebar","site-content-layout":"page-builder","ast-site-content-layout":"default","site-content-style":"default","site-sidebar-style":"default","ast-global-header-display":"","ast-banner-title-visibility":"","ast-main-header-display":"","ast-hfb-above-header-display":"","ast-hfb-below-header-display":"","ast-hfb-mobile-header-display":"","site-post-title":"disabled","ast-breadcrumbs-content":"disabled","ast-featured-img":"disabled","footer-sml-layout":"","ast-disable-related-posts":"","theme-transparent-header-meta":"default","adv-header-id-meta":"","stick-header-meta":"","header-above-stick-meta":"","header-main-stick-meta":"","header-below-stick-meta":"","astra-migrate-meta-layouts":"default","ast-page-background-enabled":"default","ast-page-background-meta":{"desktop":{"background-color":"","background-image":"","background-repeat":"repeat","background-position":"center center","background-size":"auto","background-attachment":"scroll","background-type":"","background-media":"","overlay-type":"","overlay-color":"","overlay-opacity":"","overlay-gradient":""},"tablet":{"background-color":"","background-image":"","background-repeat":"repeat","background-position":"center center","background-size":"auto","background-attachment":"scroll","background-type":"","background-media":"","overlay-type":"","overlay-color":"","overlay-opacity":"","overlay-gradient":""},"mobile":{"background-color":"","background-image":"","background-repeat":"repeat","background-position":"center center","background-size":"auto","background-attachment":"scroll","background-type":"","background-media":"","overlay-type":"","overlay-color":"","overlay-opacity":"","overlay-gradient":""}},"ast-content-background-meta":{"desktop":{"background-color":"var(--ast-global-color-5)","background-image":"","background-repeat":"repeat","background-position":"center center","background-size":"auto","background-attachment":"scroll","background-type":"","background-media":"","overlay-type":"","overlay-color":"","overlay-opacity":"","overlay-gradient":""},"tablet":{"background-color":"var(--ast-global-color-5)","background-image":"","background-repeat":"repeat","background-position":"center center","background-size":"auto","background-attachment":"scroll","background-type":"","background-media":"","overlay-type":"","overlay-color":"","overlay-opacity":"","overlay-gradient":""},"mobile":{"background-color":"var(--ast-global-color-5)","background-image":"","background-repeat":"repeat","background-position":"center center","background-size":"auto","background-attachment":"scroll","background-type":"","background-media":"","overlay-type":"","overlay-color":"","overlay-opacity":"","overlay-gradient":""}},"footnotes":""},"class_list":["post-1834","page","type-page","status-publish","hentry"],"yoast_head":"<!-- This site is optimized with the Yoast SEO plugin v26.7 - https:\/\/yoast.com\/wordpress\/plugins\/seo\/ -->\n<title>About - Fertile land Exports<\/title>\n<meta name=\"robots\" content=\"index, follow, max-snippet:-1, max-image-preview:large, max-video-preview:-1\" \/>\n<link rel=\"canonical\" href=\"https:\/\/fertilelandexports.com\/pt\/about\/\" \/>\n<meta property=\"og:locale\" content=\"pt_BR\" \/>\n<meta property=\"og:type\" content=\"article\" \/>\n<meta property=\"og:title\" content=\"About - Fertile land Exports\" \/>\n<meta property=\"og:description\" content=\"One Of The Leading Companies for Exporting Fresh and Frozen Fruits and Vegetables Worldwide Our company, an esteemed exporter of [&hellip;]\" \/>\n<meta property=\"og:url\" content=\"https:\/\/fertilelandexports.com\/pt\/about\/\" \/>\n<meta property=\"og:site_name\" content=\"Fertile land Exports\" \/>\n<meta property=\"article:publisher\" content=\"https:\/\/www.facebook.com\/Fertilelandexports\" \/>\n<meta property=\"article:modified_time\" content=\"2024-08-04T06:13:17+00:00\" \/>\n<meta property=\"og:image\" content=\"https:\/\/fertilelandexports.com\/wp-content\/uploads\/2024\/05\/about.webp\" \/>\n\t<meta property=\"og:image:width\" content=\"1920\" \/>\n\t<meta property=\"og:image:height\" content=\"1080\" \/>\n\t<meta property=\"og:image:type\" content=\"image\/webp\" \/>\n<meta name=\"twitter:card\" content=\"summary_large_image\" \/>\n<meta name=\"twitter:label1\" content=\"Est. tempo de leitura\" \/>\n\t<meta name=\"twitter:data1\" content=\"2 minutos\" \/>\n<script type=\"application\/ld+json\" class=\"yoast-schema-graph\">{\"@context\":\"https:\/\/schema.org\",\"@graph\":[{\"@type\":\"WebPage\",\"@id\":\"https:\/\/fertilelandexports.com\/about\/\",\"url\":\"https:\/\/fertilelandexports.com\/about\/\",\"name\":\"About - Fertile land Exports\",\"isPartOf\":{\"@id\":\"https:\/\/fertilelandexports.com\/#website\"},\"primaryImageOfPage\":{\"@id\":\"https:\/\/fertilelandexports.com\/about\/#primaryimage\"},\"image\":{\"@id\":\"https:\/\/fertilelandexports.com\/about\/#primaryimage\"},\"thumbnailUrl\":\"https:\/\/fertilelandexports.com\/wp-content\/uploads\/2024\/05\/about.webp\",\"datePublished\":\"2024-05-20T16:22:17+00:00\",\"dateModified\":\"2024-08-04T06:13:17+00:00\",\"breadcrumb\":{\"@id\":\"https:\/\/fertilelandexports.com\/about\/#breadcrumb\"},\"inLanguage\":\"pt-BR\",\"potentialAction\":[{\"@type\":\"ReadAction\",\"target\":[\"https:\/\/fertilelandexports.com\/about\/\"]}]},{\"@type\":\"ImageObject\",\"inLanguage\":\"pt-BR\",\"@id\":\"https:\/\/fertilelandexports.com\/about\/#primaryimage\",\"url\":\"https:\/\/fertilelandexports.com\/wp-content\/uploads\/2024\/05\/about.webp\",\"contentUrl\":\"https:\/\/fertilelandexports.com\/wp-content\/uploads\/2024\/05\/about.webp\"},{\"@type\":\"BreadcrumbList\",\"@id\":\"https:\/\/fertilelandexports.com\/about\/#breadcrumb\",\"itemListElement\":[{\"@type\":\"ListItem\",\"position\":1,\"name\":\"\u0627\u0644\u0631\u0626\u064a\u0633\u064a\u0629\",\"item\":\"https:\/\/fertilelandexports.com\/\"},{\"@type\":\"ListItem\",\"position\":2,\"name\":\"About\"}]},{\"@type\":\"WebSite\",\"@id\":\"https:\/\/fertilelandexports.com\/#website\",\"url\":\"https:\/\/fertilelandexports.com\/\",\"name\":\"Fertile land Exports\",\"description\":\"\",\"publisher\":{\"@id\":\"https:\/\/fertilelandexports.com\/#organization\"},\"potentialAction\":[{\"@type\":\"SearchAction\",\"target\":{\"@type\":\"EntryPoint\",\"urlTemplate\":\"https:\/\/fertilelandexports.com\/?s={search_term_string}\"},\"query-input\":{\"@type\":\"PropertyValueSpecification\",\"valueRequired\":true,\"valueName\":\"search_term_string\"}}],\"inLanguage\":\"pt-BR\"},{\"@type\":\"Organization\",\"@id\":\"https:\/\/fertilelandexports.com\/#organization\",\"name\":\"Fertile land Exports\",\"url\":\"https:\/\/fertilelandexports.com\/\",\"logo\":{\"@type\":\"ImageObject\",\"inLanguage\":\"pt-BR\",\"@id\":\"https:\/\/fertilelandexports.com\/#\/schema\/logo\/image\/\",\"url\":\"https:\/\/fertilelandexports.com\/wp-content\/uploads\/2025\/05\/square-format-transparent-background-designify.png\",\"contentUrl\":\"https:\/\/fertilelandexports.com\/wp-content\/uploads\/2025\/05\/square-format-transparent-background-designify.png\",\"width\":600,\"height\":600,\"caption\":\"Fertile land Exports\"},\"image\":{\"@id\":\"https:\/\/fertilelandexports.com\/#\/schema\/logo\/image\/\"},\"sameAs\":[\"https:\/\/www.facebook.com\/Fertilelandexports\",\"https:\/\/www.linkedin.com\/company\/fertilelandexports\/\"]}]}<\/script>\n<!-- \/ Yoast SEO plugin. -->","yoast_head_json":{"title":"About - Fertile land Exports","robots":{"index":"index","follow":"follow","max-snippet":"max-snippet:-1","max-image-preview":"max-image-preview:large","max-video-preview":"max-video-preview:-1"},"canonical":"https:\/\/fertilelandexports.com\/pt\/about\/","og_locale":"pt_BR","og_type":"article","og_title":"About - Fertile land Exports","og_description":"One Of The Leading Companies for Exporting Fresh and Frozen Fruits and Vegetables Worldwide Our company, an esteemed exporter of [&hellip;]","og_url":"https:\/\/fertilelandexports.com\/pt\/about\/","og_site_name":"Fertile land Exports","article_publisher":"https:\/\/www.facebook.com\/Fertilelandexports","article_modified_time":"2024-08-04T06:13:17+00:00","og_image":[{"width":1920,"height":1080,"url":"https:\/\/fertilelandexports.com\/wp-content\/uploads\/2024\/05\/about.webp","type":"image\/webp"}],"twitter_card":"summary_large_image","twitter_misc":{"Est. tempo de leitura":"2 minutos"},"schema":{"@context":"https:\/\/schema.org","@graph":[{"@type":"WebPage","@id":"https:\/\/fertilelandexports.com\/about\/","url":"https:\/\/fertilelandexports.com\/about\/","name":"About - Fertile land Exports","isPartOf":{"@id":"https:\/\/fertilelandexports.com\/#website"},"primaryImageOfPage":{"@id":"https:\/\/fertilelandexports.com\/about\/#primaryimage"},"image":{"@id":"https:\/\/fertilelandexports.com\/about\/#primaryimage"},"thumbnailUrl":"https:\/\/fertilelandexports.com\/wp-content\/uploads\/2024\/05\/about.webp","datePublished":"2024-05-20T16:22:17+00:00","dateModified":"2024-08-04T06:13:17+00:00","breadcrumb":{"@id":"https:\/\/fertilelandexports.com\/about\/#breadcrumb"},"inLanguage":"pt-BR","potentialAction":[{"@type":"ReadAction","target":["https:\/\/fertilelandexports.com\/about\/"]}]},{"@type":"ImageObject","inLanguage":"pt-BR","@id":"https:\/\/fertilelandexports.com\/about\/#primaryimage","url":"https:\/\/fertilelandexports.com\/wp-content\/uploads\/2024\/05\/about.webp","contentUrl":"https:\/\/fertilelandexports.com\/wp-content\/uploads\/2024\/05\/about.webp"},{"@type":"BreadcrumbList","@id":"https:\/\/fertilelandexports.com\/about\/#breadcrumb","itemListElement":[{"@type":"ListItem","position":1,"name":"\u0627\u0644\u0631\u0626\u064a\u0633\u064a\u0629","item":"https:\/\/fertilelandexports.com\/"},{"@type":"ListItem","position":2,"name":"About"}]},{"@type":"WebSite","@id":"https:\/\/fertilelandexports.com\/#website","url":"https:\/\/fertilelandexports.com\/","name":"Fertile land Exports","description":"","publisher":{"@id":"https:\/\/fertilelandexports.com\/#organization"},"potentialAction":[{"@type":"SearchAction","target":{"@type":"EntryPoint","urlTemplate":"https:\/\/fertilelandexports.com\/?s={search_term_string}"},"query-input":{"@type":"PropertyValueSpecification","valueRequired":true,"valueName":"search_term_string"}}],"inLanguage":"pt-BR"},{"@type":"Organization","@id":"https:\/\/fertilelandexports.com\/#organization","name":"Fertile land Exports","url":"https:\/\/fertilelandexports.com\/","logo":{"@type":"ImageObject","inLanguage":"pt-BR","@id":"https:\/\/fertilelandexports.com\/#\/schema\/logo\/image\/","url":"https:\/\/fertilelandexports.com\/wp-content\/uploads\/2025\/05\/square-format-transparent-background-designify.png","contentUrl":"https:\/\/fertilelandexports.com\/wp-content\/uploads\/2025\/05\/square-format-transparent-background-designify.png","width":600,"height":600,"caption":"Fertile land Exports"},"image":{"@id":"https:\/\/fertilelandexports.com\/#\/schema\/logo\/image\/"},"sameAs":["https:\/\/www.facebook.com\/Fertilelandexports","https:\/\/www.linkedin.com\/company\/fertilelandexports\/"]}]}},"_links":{"self":[{"href":"https:\/\/fertilelandexports.com\/pt\/wp-json\/wp\/v2\/pages\/1834","targetHints":{"allow":["GET"]}}],"collection":[{"href":"https:\/\/fertilelandexports.com\/pt\/wp-json\/wp\/v2\/pages"}],"about":[{"href":"https:\/\/fertilelandexports.com\/pt\/wp-json\/wp\/v2\/types\/page"}],"author":[{"embeddable":true,"href":"https:\/\/fertilelandexports.com\/pt\/wp-json\/wp\/v2\/users\/1"}],"replies":[{"embeddable":true,"href":"https:\/\/fertilelandexports.com\/pt\/wp-json\/wp\/v2\/comments?post=1834"}],"version-history":[{"count":9,"href":"https:\/\/fertilelandexports.com\/pt\/wp-json\/wp\/v2\/pages\/1834\/revisions"}],"predecessor-version":[{"id":3693,"href":"https:\/\/fertilelandexports.com\/pt\/wp-json\/wp\/v2\/pages\/1834\/revisions\/3693"}],"wp:attachment":[{"href":"https:\/\/fertilelandexports.com\/pt\/wp-json\/wp\/v2\/media?parent=1834"}],"curies":[{"name":"wp","href":"https:\/\/api.w.org\/{rel}","templated":true}]}}